{"id":649,"date":"2022-02-01T17:41:38","date_gmt":"2022-02-01T20:41:38","guid":{"rendered":"https:\/\/demo.creativethemes.com\/stagingthree\/?page_id=649"},"modified":"2023-11-16T15:47:14","modified_gmt":"2023-11-16T18:47:14","slug":"principal","status":"publish","type":"page","link":"https:\/\/criativa.art\/es\/","title":{"rendered":"Main"},"content":{"rendered":"\n<div class=\"wp-block-stackable-columns stk-block-columns stk-block stk-3eaf6c0\" data-block-id=\"3eaf6c0\"><div class=\"stk-row stk-inner-blocks stk-block-content stk-content-align stk-3eaf6c0-column\">\n<div class=\"wp-block-stackable-column stk-block-column stk-column stk-block stk-8ac2713\" data-v=\"4\" data-block-id=\"8ac2713\"><div class=\"stk-column-wrapper stk-block-column__content stk-container stk-8ac2713-container stk--no-background stk--no-padding\"><div class=\"stk-block-content stk-inner-blocks stk-8ac2713-inner-blocks\"><\/div><\/div><\/div>\n<\/div><\/div>\n\n\n<div class=\"ct-posts-shortcode\" data-prefix=\"blog\"><div class=\"entries\" data-archive=\"default\" data-layout=\"grid\" data-cards=\"boxed\"><article class=\"entry-card card-content post-2865 post type-post status-publish format-standard has-post-thumbnail hentry category-diseno\" ><a class=\"ct-media-container boundless-image\" href=\"https:\/\/criativa.art\/es\/fuentes-recomendadas-para-la-lectura\/\" aria-label=\"15+ fuentes recomendadas para la lectura\"><img decoding=\"async\" width=\"640\" height=\"480\" src=\"https:\/\/criativa.art\/es\/wp-content\/uploads\/sites\/4\/2023\/12\/portada_15buenas_fuentes_de_lectura.jpg\" class=\"attachment-medium_large size-medium_large wp-post-image\" alt=\"Portada del articulo 15 fuentes recomendadas para la lectura\" loading=\"lazy\" srcset=\"https:\/\/criativa.art\/es\/wp-content\/uploads\/sites\/4\/2023\/12\/portada_15buenas_fuentes_de_lectura.jpg 640w, https:\/\/criativa.art\/es\/wp-content\/uploads\/sites\/4\/2023\/12\/portada_15buenas_fuentes_de_lectura-300x225.jpg 300w\" sizes=\"auto, (max-width: 640px) 100vw, 640px\" itemprop=\"image\" style=\"aspect-ratio: 4\/3;\" \/><\/a><ul class=\"entry-meta\" data-type=\"simple:slash\" data-id=\"BJIaXn\" ><li class=\"meta-categories\" data-type=\"pill\"><a href=\"https:\/\/criativa.art\/es\/category\/diseno\/\" rel=\"tag\" class=\"ct-term-2\">Dise\u00f1o<\/a><\/li><\/ul><h4 class=\"entry-title\"><a href=\"https:\/\/criativa.art\/es\/fuentes-recomendadas-para-la-lectura\/\" rel=\"bookmark\">15+ fuentes recomendadas para la lectura<\/a><\/h4><ul class=\"entry-meta\" data-type=\"simple:circle\" data-id=\"Kd1pHo\" ><li class=\"meta-author\" itemprop=\"author\" itemscope=\"\" itemtype=\"https:\/\/schema.org\/Person\"><a href=\"https:\/\/criativa.art\/es\/author\/websitecriativaartgmail-com\/\" tabindex=\"-1\" class=\"ct-media-container-static\"><img loading=\"lazy\" decoding=\"async\" src=\"https:\/\/criativa.art\/es\/wp-content\/uploads\/sites\/4\/2022\/06\/icone_autor-13.jpg\" width=\"40\" height=\"40\" style=\"height:40px\" alt=\"Criativa.Art\"><\/a><a class=\"ct-meta-element-author\" href=\"https:\/\/criativa.art\/es\/author\/websitecriativaartgmail-com\/\" title=\"Entradas de Criativa.Art\" rel=\"author\" itemprop=\"url\"><span itemprop=\"name\">Criativa.Art<\/span><\/a><\/li><li class=\"meta-date\" itemprop=\"datePublished\"><time class=\"ct-meta-element-date\" datetime=\"2023-12-19T16:13:40-03:00\">19 de diciembre de 2023<\/time><\/li><\/ul><\/article><article class=\"entry-card card-content post-2831 post type-post status-publish format-standard has-post-thumbnail hentry category-diseno\" ><a class=\"ct-media-container boundless-image\" href=\"https:\/\/criativa.art\/es\/fuentes-condensadas-gratuitas-para-uso-comercial\/\" aria-label=\"29+ Fuentes Condensadas Gratuitas para Uso Comercial\"><img decoding=\"async\" width=\"640\" height=\"480\" src=\"https:\/\/criativa.art\/es\/wp-content\/uploads\/sites\/4\/2023\/12\/portada-condensada-fuente.jpg\" class=\"attachment-medium_large size-medium_large wp-post-image\" alt=\"portada de articulo fuentes condensadas gratuitas para uso personal\" loading=\"lazy\" srcset=\"https:\/\/criativa.art\/es\/wp-content\/uploads\/sites\/4\/2023\/12\/portada-condensada-fuente.jpg 640w, https:\/\/criativa.art\/es\/wp-content\/uploads\/sites\/4\/2023\/12\/portada-condensada-fuente-300x225.jpg 300w\" sizes=\"auto, (max-width: 640px) 100vw, 640px\" itemprop=\"image\" style=\"aspect-ratio: 4\/3;\" \/><\/a><ul class=\"entry-meta\" data-type=\"simple:slash\" data-id=\"BJIaXn\" ><li class=\"meta-categories\" data-type=\"pill\"><a href=\"https:\/\/criativa.art\/es\/category\/diseno\/\" rel=\"tag\" class=\"ct-term-2\">Dise\u00f1o<\/a><\/li><\/ul><h4 class=\"entry-title\"><a href=\"https:\/\/criativa.art\/es\/fuentes-condensadas-gratuitas-para-uso-comercial\/\" rel=\"bookmark\">29+ Fuentes Condensadas Gratuitas para Uso Comercial<\/a><\/h4><ul class=\"entry-meta\" data-type=\"simple:circle\" data-id=\"Kd1pHo\" ><li class=\"meta-author\" itemprop=\"author\" itemscope=\"\" itemtype=\"https:\/\/schema.org\/Person\"><a href=\"https:\/\/criativa.art\/es\/author\/websitecriativaartgmail-com\/\" tabindex=\"-1\" class=\"ct-media-container-static\"><img loading=\"lazy\" decoding=\"async\" src=\"https:\/\/criativa.art\/es\/wp-content\/uploads\/sites\/4\/2022\/06\/icone_autor-13.jpg\" width=\"40\" height=\"40\" style=\"height:40px\" alt=\"Criativa.Art\"><\/a><a class=\"ct-meta-element-author\" href=\"https:\/\/criativa.art\/es\/author\/websitecriativaartgmail-com\/\" title=\"Entradas de Criativa.Art\" rel=\"author\" itemprop=\"url\"><span itemprop=\"name\">Criativa.Art<\/span><\/a><\/li><li class=\"meta-date\" itemprop=\"datePublished\"><time class=\"ct-meta-element-date\" datetime=\"2023-12-16T20:22:43-03:00\">16 de diciembre de 2023<\/time><\/li><\/ul><\/article><article class=\"entry-card card-content post-2750 post type-post status-publish format-standard has-post-thumbnail hentry category-diseno\" ><a class=\"ct-media-container boundless-image\" href=\"https:\/\/criativa.art\/es\/fuentes-de-grafiti-gratuitas-para-descargar\/\" aria-label=\"20 fuentes de grafiti gratuitas para descargar\"><img decoding=\"async\" width=\"640\" height=\"480\" src=\"https:\/\/criativa.art\/es\/wp-content\/uploads\/sites\/4\/2023\/12\/fuentes-de-grafiti-gratuitas-para-descargar.jpg\" class=\"attachment-medium_large size-medium_large wp-post-image\" alt=\"Fuentes de grafiti gratuitas para descargar\" loading=\"lazy\" srcset=\"https:\/\/criativa.art\/es\/wp-content\/uploads\/sites\/4\/2023\/12\/fuentes-de-grafiti-gratuitas-para-descargar.jpg 640w, https:\/\/criativa.art\/es\/wp-content\/uploads\/sites\/4\/2023\/12\/fuentes-de-grafiti-gratuitas-para-descargar-300x225.jpg 300w\" sizes=\"auto, (max-width: 640px) 100vw, 640px\" itemprop=\"image\" style=\"aspect-ratio: 4\/3;\" \/><\/a><ul class=\"entry-meta\" data-type=\"simple:slash\" data-id=\"BJIaXn\" ><li class=\"meta-categories\" data-type=\"pill\"><a href=\"https:\/\/criativa.art\/es\/category\/diseno\/\" rel=\"tag\" class=\"ct-term-2\">Dise\u00f1o<\/a><\/li><\/ul><h4 class=\"entry-title\"><a href=\"https:\/\/criativa.art\/es\/fuentes-de-grafiti-gratuitas-para-descargar\/\" rel=\"bookmark\">20 fuentes de grafiti gratuitas para descargar<\/a><\/h4><ul class=\"entry-meta\" data-type=\"simple:circle\" data-id=\"Kd1pHo\" ><li class=\"meta-author\" itemprop=\"author\" itemscope=\"\" itemtype=\"https:\/\/schema.org\/Person\"><a href=\"https:\/\/criativa.art\/es\/author\/websitecriativaartgmail-com\/\" tabindex=\"-1\" class=\"ct-media-container-static\"><img loading=\"lazy\" decoding=\"async\" src=\"https:\/\/criativa.art\/es\/wp-content\/uploads\/sites\/4\/2022\/06\/icone_autor-13.jpg\" width=\"40\" height=\"40\" style=\"height:40px\" alt=\"Criativa.Art\"><\/a><a class=\"ct-meta-element-author\" href=\"https:\/\/criativa.art\/es\/author\/websitecriativaartgmail-com\/\" title=\"Entradas de Criativa.Art\" rel=\"author\" itemprop=\"url\"><span itemprop=\"name\">Criativa.Art<\/span><\/a><\/li><li class=\"meta-date\" itemprop=\"datePublished\"><time class=\"ct-meta-element-date\" datetime=\"2023-12-15T14:25:44-03:00\">15 de diciembre de 2023<\/time><\/li><\/ul><\/article><article class=\"entry-card card-content post-2594 post type-post status-publish format-standard has-post-thumbnail hentry category-sem-categoria\" ><a class=\"ct-media-container boundless-image\" href=\"https:\/\/criativa.art\/es\/que-es-dibujo-vectorial\/\" aria-label=\"\u00bfQu\u00e9 es dibujo vectorial?\"><img decoding=\"async\" width=\"768\" height=\"458\" src=\"https:\/\/criativa.art\/es\/wp-content\/uploads\/sites\/4\/2023\/12\/que-es-dibujo-vectorial-e1702657921432-768x458.jpg\" class=\"attachment-medium_large size-medium_large wp-post-image\" alt=\"\" loading=\"lazy\" srcset=\"https:\/\/criativa.art\/es\/wp-content\/uploads\/sites\/4\/2023\/12\/que-es-dibujo-vectorial-e1702657921432-768x458.jpg 768w, https:\/\/criativa.art\/es\/wp-content\/uploads\/sites\/4\/2023\/12\/que-es-dibujo-vectorial-e1702657921432-300x179.jpg 300w, https:\/\/criativa.art\/es\/wp-content\/uploads\/sites\/4\/2023\/12\/que-es-dibujo-vectorial-e1702657921432-1024x610.jpg 1024w\" sizes=\"auto, (max-width: 768px) 100vw, 768px\" itemprop=\"image\" style=\"aspect-ratio: 4\/3;\" \/><\/a><ul class=\"entry-meta\" data-type=\"simple:slash\" data-id=\"BJIaXn\" ><li class=\"meta-categories\" data-type=\"pill\"><a href=\"https:\/\/criativa.art\/es\/category\/sem-categoria\/\" rel=\"tag\" class=\"ct-term-1\">Sem categoria<\/a><\/li><\/ul><h4 class=\"entry-title\"><a href=\"https:\/\/criativa.art\/es\/que-es-dibujo-vectorial\/\" rel=\"bookmark\">\u00bfQu\u00e9 es dibujo vectorial?<\/a><\/h4><ul class=\"entry-meta\" data-type=\"simple:circle\" data-id=\"Kd1pHo\" ><li class=\"meta-author\" itemprop=\"author\" itemscope=\"\" itemtype=\"https:\/\/schema.org\/Person\"><a href=\"https:\/\/criativa.art\/es\/author\/websitecriativaartgmail-com\/\" tabindex=\"-1\" class=\"ct-media-container-static\"><img loading=\"lazy\" decoding=\"async\" src=\"https:\/\/criativa.art\/es\/wp-content\/uploads\/sites\/4\/2022\/06\/icone_autor-13.jpg\" width=\"40\" height=\"40\" style=\"height:40px\" alt=\"Criativa.Art\"><\/a><a class=\"ct-meta-element-author\" href=\"https:\/\/criativa.art\/es\/author\/websitecriativaartgmail-com\/\" title=\"Entradas de Criativa.Art\" rel=\"author\" itemprop=\"url\"><span itemprop=\"name\">Criativa.Art<\/span><\/a><\/li><li class=\"meta-date\" itemprop=\"datePublished\"><time class=\"ct-meta-element-date\" datetime=\"2023-12-15T13:21:14-03:00\">15 de diciembre de 2023<\/time><\/li><\/ul><\/article><article class=\"entry-card card-content post-2687 post type-post status-publish format-standard has-post-thumbnail hentry category-ilustracion category-inspiracion\" ><a class=\"ct-media-container boundless-image\" href=\"https:\/\/criativa.art\/es\/paletas-de-colores-de-ilustracion\/\" aria-label=\"Paletas de colores de ilustraci\u00f3n digital: 33 inspiraciones para tu pr\u00f3ximo proyecto\"><img decoding=\"async\" width=\"768\" height=\"478\" src=\"https:\/\/criativa.art\/es\/wp-content\/uploads\/sites\/4\/2023\/11\/paletas-de-colores-para-ilustraciones-de-portadas-de-articulos-768x478.png\" class=\"attachment-medium_large size-medium_large wp-post-image\" alt=\"Portada del art\u00edculo paletas de colores Ilustraci\u00f3n con paletas azules y beige. Ilustraci\u00f3n del fondo marino.\" loading=\"lazy\" srcset=\"https:\/\/criativa.art\/es\/wp-content\/uploads\/sites\/4\/2023\/11\/paletas-de-colores-para-ilustraciones-de-portadas-de-articulos-768x478.png 768w, https:\/\/criativa.art\/es\/wp-content\/uploads\/sites\/4\/2023\/11\/paletas-de-colores-para-ilustraciones-de-portadas-de-articulos-300x187.png 300w, https:\/\/criativa.art\/es\/wp-content\/uploads\/sites\/4\/2023\/11\/paletas-de-colores-para-ilustraciones-de-portadas-de-articulos.png 771w\" sizes=\"auto, (max-width: 768px) 100vw, 768px\" itemprop=\"image\" style=\"aspect-ratio: 4\/3;\" \/><\/a><ul class=\"entry-meta\" data-type=\"simple:slash\" data-id=\"BJIaXn\" ><li class=\"meta-categories\" data-type=\"pill\"><a href=\"https:\/\/criativa.art\/es\/category\/ilustracion\/\" rel=\"tag\" class=\"ct-term-3\">Ilustraci\u00f3n<\/a><a href=\"https:\/\/criativa.art\/es\/category\/inspiracion\/\" rel=\"tag\" class=\"ct-term-4\">Inspiraci\u00f3n<\/a><\/li><\/ul><h4 class=\"entry-title\"><a href=\"https:\/\/criativa.art\/es\/paletas-de-colores-de-ilustracion\/\" rel=\"bookmark\">Paletas de colores de ilustraci\u00f3n digital: 33 inspiraciones para tu pr\u00f3ximo proyecto<\/a><\/h4><ul class=\"entry-meta\" data-type=\"simple:circle\" data-id=\"Kd1pHo\" ><li class=\"meta-author\" itemprop=\"author\" itemscope=\"\" itemtype=\"https:\/\/schema.org\/Person\"><a href=\"https:\/\/criativa.art\/es\/author\/websitecriativaartgmail-com\/\" tabindex=\"-1\" class=\"ct-media-container-static\"><img loading=\"lazy\" decoding=\"async\" src=\"https:\/\/criativa.art\/es\/wp-content\/uploads\/sites\/4\/2022\/06\/icone_autor-13.jpg\" width=\"40\" height=\"40\" style=\"height:40px\" alt=\"Criativa.Art\"><\/a><a class=\"ct-meta-element-author\" href=\"https:\/\/criativa.art\/es\/author\/websitecriativaartgmail-com\/\" title=\"Entradas de Criativa.Art\" rel=\"author\" itemprop=\"url\"><span itemprop=\"name\">Criativa.Art<\/span><\/a><\/li><li class=\"meta-date\" itemprop=\"datePublished\"><time class=\"ct-meta-element-date\" datetime=\"2023-11-21T18:29:53-03:00\">21 de noviembre de 2023<\/time><\/li><\/ul><\/article><article class=\"entry-card card-content post-2548 post type-post status-publish format-standard has-post-thumbnail hentry category-software\" ><a class=\"ct-media-container boundless-image\" href=\"https:\/\/criativa.art\/es\/como-usar-la-varita-magica-en-illustrator\/\" aria-label=\"\u00bfC\u00f3mo usar la Varita M\u00e1gica en Illustrator?\"><img decoding=\"async\" width=\"640\" height=\"480\" src=\"https:\/\/criativa.art\/es\/wp-content\/uploads\/sites\/4\/2023\/08\/Como-utilizar-la-Varita-Magica-en-Illustrator.jpg\" class=\"attachment-medium_large size-medium_large wp-post-image\" alt=\"Post cover: C\u00f3mo usar la varita m\u00e1gica en Illustrator. Illustrator varita m\u00e1gica dise\u00f1o plano ilustraci\u00f3n vectorial.\" loading=\"lazy\" srcset=\"https:\/\/criativa.art\/es\/wp-content\/uploads\/sites\/4\/2023\/08\/Como-utilizar-la-Varita-Magica-en-Illustrator.jpg 640w, https:\/\/criativa.art\/es\/wp-content\/uploads\/sites\/4\/2023\/08\/Como-utilizar-la-Varita-Magica-en-Illustrator-300x225.jpg 300w\" sizes=\"auto, (max-width: 640px) 100vw, 640px\" itemprop=\"image\" style=\"aspect-ratio: 4\/3;\" \/><\/a><ul class=\"entry-meta\" data-type=\"simple:slash\" data-id=\"BJIaXn\" ><li class=\"meta-categories\" data-type=\"pill\"><a href=\"https:\/\/criativa.art\/es\/category\/software\/\" rel=\"tag\" class=\"ct-term-6\">Software<\/a><\/li><\/ul><h4 class=\"entry-title\"><a href=\"https:\/\/criativa.art\/es\/como-usar-la-varita-magica-en-illustrator\/\" rel=\"bookmark\">\u00bfC\u00f3mo usar la Varita M\u00e1gica en Illustrator?<\/a><\/h4><ul class=\"entry-meta\" data-type=\"simple:circle\" data-id=\"Kd1pHo\" ><li class=\"meta-author\" itemprop=\"author\" itemscope=\"\" itemtype=\"https:\/\/schema.org\/Person\"><a href=\"https:\/\/criativa.art\/es\/author\/websitecriativaartgmail-com\/\" tabindex=\"-1\" class=\"ct-media-container-static\"><img loading=\"lazy\" decoding=\"async\" src=\"https:\/\/criativa.art\/es\/wp-content\/uploads\/sites\/4\/2022\/06\/icone_autor-13.jpg\" width=\"40\" height=\"40\" style=\"height:40px\" alt=\"Criativa.Art\"><\/a><a class=\"ct-meta-element-author\" href=\"https:\/\/criativa.art\/es\/author\/websitecriativaartgmail-com\/\" title=\"Entradas de Criativa.Art\" rel=\"author\" itemprop=\"url\"><span itemprop=\"name\">Criativa.Art<\/span><\/a><\/li><li class=\"meta-date\" itemprop=\"datePublished\"><time class=\"ct-meta-element-date\" datetime=\"2023-08-21T18:50:28-03:00\">21 de agosto de 2023<\/time><\/li><\/ul><\/article><\/div><\/div>\n\n\n\n<div class=\"wp-block-stackable-spacer stk-block-spacer stk--no-padding stk-block stk-a50b04a\" data-block-id=\"a50b04a\"><style>.stk-a50b04a{height:50px !important}@media screen and (max-width:999px){.stk-a50b04a{height:30px !important}}<\/style><\/div>\n\n\n\n<div class=\"wp-block-stackable-button-group stk-block-button-group stk-block stk-e5ccc42\" data-block-id=\"e5ccc42\"><style>.stk-e5ccc42{margin-bottom:0px !important}.stk-e5ccc42 .stk-inner-blocks{column-gap:10px !important}<\/style><div class=\"stk-row stk-inner-blocks has-text-align-center stk-block-content stk-button-group\">\n<div class=\"wp-block-stackable-button stk-block-button stk-block stk-5af73d8\" data-block-id=\"5af73d8\"><style>.stk-5af73d8 .stk-button{padding-top:14px !important;padding-right:25px !important;padding-bottom:14px !important;padding-left:25px !important;border-top-left-radius:10px !important;border-top-right-radius:10px !important;border-bottom-right-radius:10px !important;border-bottom-left-radius:10px !important}.stk-5af73d8 .stk-button__inner-text{font-size:15px !important;font-weight:600 !important}@media screen and (max-width:999px){.stk-5af73d8 .stk-button__inner-text{font-size:15px !important}}<\/style><a class=\"stk-link stk-button stk--hover-effect-darken\" href=\"https:\/\/criativa.art\/es\/blog\/\"><span class=\"stk-button__inner-text\">Ver m\u00e1s<\/span><\/a><\/div>\n<\/div><\/div>\n\n\n\n<div class=\"wp-block-stackable-spacer stk-block-spacer stk--no-padding stk-block stk-1b1da1e\" data-block-id=\"1b1da1e\"><style>.stk-1b1da1e{height:130px !important}@media screen and (max-width:999px){.stk-1b1da1e{height:80px !important}}<\/style><\/div>\n","protected":false},"excerpt":{"rendered":"<p>Ver m\u00e1s<\/p>\n","protected":false},"author":1,"featured_media":0,"parent":0,"menu_order":0,"comment_status":"closed","ping_status":"closed","template":"","meta":{"footnotes":""},"class_list":["post-649","page","type-page","status-publish","hentry"],"blocksy_meta":{"page_title_panel":"","has_hero_section":"disabled","9cf53b839e96b069f87e32e0f8c4b63b":"","hero_section":"type-1","hero_elements":[{"id":"custom_title","enabled":true,"heading_tag":"h1","title":"Home"},{"id":"custom_description","enabled":true,"description_visibility":{"desktop":true,"tablet":true,"mobile":false}},{"id":"custom_meta","enabled":false,"meta_elements":[{"id":"author","enabled":true,"label":"By","has_author_avatar":"yes","avatar_size":25},{"id":"post_date","enabled":true,"label":"On","date_format_source":"default","date_format":"M j, Y"},{"id":"updated_date","enabled":false,"label":"On","date_format_source":"default","date_format":"M j, Y"},{"id":"categories","enabled":false,"label":"In","style":"simple"},{"id":"comments","enabled":true}],"page_meta_elements":{"joined":true,"articles_count":true,"comments":true}},{"id":"breadcrumbs","enabled":false}],"6090fbdbc29b9b00df3702bd59f9de5b":"","hero_alignment1":"CT_CSS_SKIP_RULE","hero_margin":40,"hero_alignment2":"center","hero_vertical_alignment":"center","a1cde2236fc8462de18a1e2d3defc177":"","hero_structure":"narrow","2270ab2613c77d1bdae24db02392bd76":"","page_title_bg_type":"featured_image","custom_hero_background":{"attachment_id":null},"parallax":{"desktop":false,"tablet":false,"mobile":false},"48466c4de297532187f520dbdf08799c":"","hero_height":"250px","pageTitleFont":{"family":"Default","variation":"Default","size":"30px","line-height":"CT_CSS_SKIP_RULE","letter-spacing":"CT_CSS_SKIP_RULE","text-transform":"CT_CSS_SKIP_RULE","text-decoration":"CT_CSS_SKIP_RULE"},"pageTitleFontColor":{"default":{"color":"CT_CSS_SKIP_RULEDEFAULT"}},"pageMetaFont":{"family":"Default","variation":"n6","size":"12px","line-height":"1.3","letter-spacing":"CT_CSS_SKIP_RULE","text-transform":"uppercase","text-decoration":"CT_CSS_SKIP_RULE"},"pageMetaFontColor":{"default":{"color":"CT_CSS_SKIP_RULEDEFAULT"},"hover":{"color":"CT_CSS_SKIP_RULEDEFAULT"}},"page_meta_button_type_font_colors":{"default":{"color":"CT_CSS_SKIP_RULEDEFAULT"},"hover":{"color":"CT_CSS_SKIP_RULEDEFAULT"}},"page_meta_button_type_background_colors":{"default":{"color":"CT_CSS_SKIP_RULEDEFAULT"},"hover":{"color":"CT_CSS_SKIP_RULEDEFAULT"}},"pageExcerptFont":{"family":"Default","variation":"Default","size":"CT_CSS_SKIP_RULE","line-height":"CT_CSS_SKIP_RULE","letter-spacing":"CT_CSS_SKIP_RULE","text-transform":"CT_CSS_SKIP_RULE","text-decoration":"CT_CSS_SKIP_RULE"},"pageExcerptColor":{"default":{"color":"CT_CSS_SKIP_RULEDEFAULT"}},"breadcrumbsFont":{"family":"Default","variation":"Default","size":"CT_CSS_SKIP_RULE","line-height":"CT_CSS_SKIP_RULE","letter-spacing":"CT_CSS_SKIP_RULE","text-transform":"CT_CSS_SKIP_RULE","text-decoration":"CT_CSS_SKIP_RULE"},"breadcrumbsFontColor":{"default":{"color":"CT_CSS_SKIP_RULEDEFAULT"},"initial":{"color":"CT_CSS_SKIP_RULEDEFAULT"},"hover":{"color":"CT_CSS_SKIP_RULEDEFAULT"}},"pageTitleOverlay":{"background_type":"color","background_pattern":"type-1","background_image":{"attachment_id":null,"x":0,"y":0},"gradient":"linear-gradient(135deg,rgba(6,147,227,1) 0%,rgb(155,81,224) 100%)","background_repeat":"repeat","background_size":"auto","background_attachment":"scroll","patternColor":{"default":{"color":"#e5e7ea"}},"overlayColor":{"default":{"color":"CT_CSS_SKIP_RULE"}},"backgroundColor":{"default":{"color":"CT_CSS_SKIP_RULE"}}},"pageTitleBackground":{"background_type":"color","background_pattern":"type-1","background_image":{"attachment_id":null,"x":0,"y":0},"gradient":"linear-gradient(135deg,rgba(6,147,227,1) 0%,rgb(155,81,224) 100%)","background_repeat":"repeat","background_size":"auto","background_attachment":"scroll","patternColor":{"default":{"color":"#e5e7ea"}},"overlayColor":{"default":{"color":"CT_CSS_SKIP_RULE"}},"backgroundColor":{"default":{"color":"var(--theme-palette-color-6)"}}},"pageTitlePadding":{"top":"50px","bottom":"50px","left":"auto","right":"auto","linked":true},"7fe1b6db0297973c0a29e6da88dbdcc3":"","page_structure_type":"default","689f013c0acde3e3578491d0c300bfdb":"","content_style_source":"inherit","content_style":"wide","vertical_spacing_source":"custom","content_area_spacing":"none","background":{"background_type":"color","background_pattern":"type-1","background_image":{"attachment_id":null,"x":0,"y":0},"gradient":"linear-gradient(135deg,rgba(6,147,227,1) 0%,rgb(155,81,224) 100%)","background_repeat":"repeat","background_size":"auto","background_attachment":"scroll","patternColor":{"default":{"color":"#e5e7ea"}},"overlayColor":{"default":{"color":"CT_CSS_SKIP_RULE"}},"backgroundColor":{"default":{"color":"CT_CSS_SKIP_RULE"}}},"content_background":{"background_type":"color","background_pattern":"type-1","background_image":{"attachment_id":null,"x":0,"y":0},"gradient":"linear-gradient(135deg,rgba(6,147,227,1) 0%,rgb(155,81,224) 100%)","background_repeat":"repeat","background_size":"auto","background_attachment":"scroll","patternColor":{"default":{"color":"#e5e7ea"}},"overlayColor":{"default":{"color":"CT_CSS_SKIP_RULE"}},"backgroundColor":{"default":{"color":"var(--theme-palette-color-8)"}}},"content_boxed_shadow":{"inherit":false,"blur":18,"spread":-6,"v_offset":12,"h_offset":0,"inset":false,"enable":true,"color":{"color":"rgba(34, 56, 101, 0.04)"}},"boxed_content_spacing":{"desktop":{"top":"40px","bottom":"40px","left":"40px","right":"40px","linked":true},"tablet":{"top":"35px","bottom":"35px","left":"35px","right":"35px","linked":true},"mobile":{"top":"20px","bottom":"20px","left":"20px","right":"20px","linked":true}},"content_boxed_radius":{"top":"3px","bottom":"3px","left":"3px","right":"3px","linked":true},"8ed22b334f3d7de16a95aaa5b2abdacc":"","disable_featured_image":"no","disable_share_box":"no","disable_header":"no","disable_footer":"no","styles_descriptor":{"styles":{"desktop":"","tablet":"","mobile":""},"google_fonts":[],"version":6},"3f72cedf28d95f8329e9a7e63e1cf7b5":"","a4623bc81377d9b6a9b9083f2a27e229":"","8dfb03861f8af71f99110d16f1743da4":"","f1b42f881e6b8bcaf2802c6cb1881a7b":"","3b273dad0a910560e607a101e860219f":"","58784cdab3c2d928251a1f7eba700017":"","76265f301e9c06f717fad7e44276d063":"","628f0864b41d43b006ab9ad63b88c38f":""},"_links":{"self":[{"href":"https:\/\/criativa.art\/es\/wp-json\/wp\/v2\/pages\/649","targetHints":{"allow":["GET"]}}],"collection":[{"href":"https:\/\/criativa.art\/es\/wp-json\/wp\/v2\/pages"}],"about":[{"href":"https:\/\/criativa.art\/es\/wp-json\/wp\/v2\/types\/page"}],"author":[{"embeddable":true,"href":"https:\/\/criativa.art\/es\/wp-json\/wp\/v2\/users\/1"}],"replies":[{"embeddable":true,"href":"https:\/\/criativa.art\/es\/wp-json\/wp\/v2\/comments?post=649"}],"version-history":[{"count":6,"href":"https:\/\/criativa.art\/es\/wp-json\/wp\/v2\/pages\/649\/revisions"}],"predecessor-version":[{"id":2683,"href":"https:\/\/criativa.art\/es\/wp-json\/wp\/v2\/pages\/649\/revisions\/2683"}],"wp:attachment":[{"href":"https:\/\/criativa.art\/es\/wp-json\/wp\/v2\/media?parent=649"}],"curies":[{"name":"wp","href":"https:\/\/api.w.org\/{rel}","templated":true}]}}