{"id":80,"date":"2022-06-17T22:52:59","date_gmt":"2022-06-18T01:52:59","guid":{"rendered":"https:\/\/criativa.art\/?page_id=80"},"modified":"2023-07-14T14:02:49","modified_gmt":"2023-07-14T17:02:49","slug":"politica-de-privacidad-y-cookies","status":"publish","type":"page","link":"https:\/\/criativa.art\/es\/politica-de-privacidad-y-cookies\/","title":{"rendered":"Pol\u00edtica de privacidad y cookies"},"content":{"rendered":"<p>Es importante aclarar que los datos personales se consideran como: toda la informaci\u00f3n que pueda ser utilizada para identificar a una persona. Estos datos pueden ser considerados sensibles, como por ejemplo: convicciones religiosas, salud o vida sexual, origen racial o \u00e9tnico, opini\u00f3n pol\u00edtica, datos gen\u00e9ticos o biom\u00e9tricos, afiliaci\u00f3n a un sindicato o a una organizaci\u00f3n de car\u00e1cter religioso, filos\u00f3fico o pol\u00edtico.<\/p>\n\n\n<h3 class=\"wp-block-heading\">SECCI\u00d3N I &#8211; INFORMACI\u00d3N GENERAL<\/h3>\n\n\n\n<p>En esta pol\u00edtica de privacidad, se proporcionar\u00e1 informaci\u00f3n sobre c\u00f3mo se realiza el tratamiento de los datos personales de las personas que acceden al sitio web criativa.art, informando de manera transparente qu\u00e9 datos se recopilan, cu\u00e1l es el prop\u00f3sito de la recopilaci\u00f3n y c\u00f3mo los visitantes pueden controlar o eliminar su informaci\u00f3n.<\/p>\n\n\n\n<p>Este texto ha sido creado de acuerdo con la el Reglamento de la UE n. 2016\/6790. Es valioso destacar que este texto puede sufrir modificaciones debido a posibles actualizaciones normativas.<\/p>\n\n\n\n<p>Informamos que cualquier informaci\u00f3n personal recopilada por nuestro sitio web criativa.art se utilizar\u00e1 para mejorar su experiencia al navegar en nuestro sitio web, con el objetivo de que su visita sea m\u00e1s ventajosa y acertada.<\/p>\n\n\n\n<p>La confidencialidad de la informaci\u00f3n personal de los usuarios del sitio criativa.art es de suma importancia para nuestro equipo, por lo tanto, buscamos constantemente optimizar todos los procesos internos, usando nuestra pol\u00edtica de privacidad de manera clara para mantenerlos seguros y en cumplimiento de todas las normas establecidas.<\/p>\n\n\n\n<h3 class=\"wp-block-heading\">SECCI\u00d3N II &#8211; RECOGIDA DE DATOS<\/h3>\n\n\n\n<p><br>Los datos personales de los visitantes pueden ser recopilados cuando:<\/p>\n\n\n\n<p><strong>II.I<\/strong> &#8211; El individuo genera una cuenta en el sitio web criativa.art y, con base en esto, se pueden solicitar datos como: correo electr\u00f3nico, nombre, ciudad, tel\u00e9fono, etc.<\/p>\n\n\n\n<p><strong>II.II<\/strong> &#8211; El individuo navega por las p\u00e1ginas de nuestro sitio web criativa.art y, en este caso, se pueden recopilar datos como: palabras clave de origen del motor de b\u00fasqueda, comentarios, navegador utilizado, direcci\u00f3n IP, etc.<\/p>\n\n\n\n<p><strong>II.III<\/strong> &#8211; A trav\u00e9s de terceros, como Google y\/o Facebook, donde al iniciar sesi\u00f3n en alguno de estos sitios, se autoriza directamente por el tercero.<\/p>\n\n\n\n<h3 class=\"wp-block-heading\">SECCI\u00d3N III \u2013 ACEPTACI\u00d3N<\/h3>\n\n\n\n<p>A partir del momento en que se emplea el sitio web criativa.art, se supone que el usuario ha aceptado la pol\u00edtica de privacidad. Por lo tanto, nos reservamos el derecho de modificar esta pol\u00edtica sin previo aviso. Por esta raz\u00f3n, recomendamos que los usuarios consulten regularmente nuestra pol\u00edtica para mantenerse actualizados sobre posibles cambios. Si es necesario, pueden ponerse en contacto con nosotros a trav\u00e9s de nuestro correo electr\u00f3nico: <a href=\"mailto:contacto@criativa.art\">contacto@criativa.art<\/a> para plantear sus dudas.<\/p>\n\n\n\n<p>El desarrollador puede recopilar informaci\u00f3n personal del usuario que accede al sitio, como nombre, correo electr\u00f3nico, n\u00famero de tel\u00e9fono fijo y\/o celular, direcci\u00f3n, fecha de nacimiento, direcci\u00f3n IP y\/u otros datos. En la mayor\u00eda de los casos, estos datos se utilizan para activar la funci\u00f3n de geolocalizaci\u00f3n (mostrar contenido espec\u00edfico seg\u00fan la ubicaci\u00f3n) y tambi\u00e9n para filtrar por tipo de usuario (analizando las necesidades de cada uno).<\/p>\n\n\n\n<h3 class=\"wp-block-heading\">SECCI\u00d3N IV &#8211; ENLACES A SITIOS EXTERNOS<\/h3>\n\n\n\n<p>El sitio web criativa.art puede contener enlaces a sitios externos que pueden tener herramientas y\/o informaci\u00f3n \u00fatil para los usuarios. Esta pol\u00edtica de privacidad no se aplica a los sitios externos. Si el usuario est\u00e1 interesado, deber\u00e1 acceder a la pol\u00edtica de privacidad del sitio en cuesti\u00f3n para conocer los detalles.<\/p>\n\n\n\n<h4 class=\"wp-block-heading\">COOKIES Y WEB BEACONS<\/h4>\n\n\n\n<p>El sitio web usa cookies con el objetivo de almacenar informaci\u00f3n, como las preferencias del p\u00fablico que accede a un sitio espec\u00edfico. Estas cookies pueden ser recopiladas a trav\u00e9s de un simple pop-up o mediante integraciones con otros servicios.<\/p>\n\n\n\n<p>Como usuario del sitio web criativa.art, tienes total autonom\u00eda para desactivar las cookies. Solo necesitas acceder a la configuraci\u00f3n de tu navegador preferido y realizar los cambios correspondientes, o en su caso, utilizar un antivirus que realice dicha configuraci\u00f3n directamente. Es importante tener en cuenta que esta modificaci\u00f3n puede afectar la forma en que navegas en nuestro sitio y en otros sitios web. Esto se debe a que ciertas funcionalidades requieren el uso de cookies para funcionar correctamente, como los sitios que requieren inicio de sesi\u00f3n en \u00e1reas restringidas.<\/p>\n\n\n\n<p>Las empresas que publicitan en nuestro sitio web tambi\u00e9n pueden emplear sistemas que recopilan cookies y\/o balizas web con el objetivo de mostrar publicidad, ofertas y productos m\u00e1s relevantes para el usuario final. Esto permite que la publicidad sea m\u00e1s precisa y eficiente para ambas partes.<\/p>\n\n\n\n<h4 class=\"wp-block-heading\">COOKIE DOUBLECLICK DART<\/h4>\n\n\n\n<p>Google usa cookies DART en nuestro sitio web, su utilizaci\u00f3n es valioso para que la empresa pueda mostrar anuncios al usuario teniendo en cuenta otros sitios que la persona visit\u00f3 previamente en Internet. Es fundamental destacar que los usuarios pueden desactivar dichas cookies accediendo directamente a la pol\u00edtica de privacidad de Google.<\/p>\n\n\n\n<h4 class=\"wp-block-heading\">COOKIES POR CORREO ELECTR\u00d3NICO<\/h4>\n\n\n\n<p>En el caso del env\u00edo de boletines informativos o incluso notificaciones por correo electr\u00f3nico, se pueden utilizar cookies para dirigir un contenido m\u00e1s adecuado al usuario final, con el objetivo de mejorar la experiencia de aquellos que est\u00e1n leyendo el correo electr\u00f3nico. Es importante destacar que cada proveedor de correo electr\u00f3nico tiene sus propias directrices y es necesario respetar sus respectivas pol\u00edticas correspondientes.<\/p>\n\n\n\n<h3 class=\"wp-block-heading\">LOS ANUNCIOS<\/h3>\n\n\n\n<p>Con el fin de cubrir los costos de mantenimiento del sitio, se muestran anuncios en nuestro sitio web. Durante la visualizaci\u00f3n de estos anuncios, se recopilan cierta informaci\u00f3n, como la direcci\u00f3n IP, el proveedor de servicios de Internet, el navegador usado y el tiempo de permanencia.<\/p>\n\n\n\n<h3 class=\"wp-block-heading\">AN\u00c1LISIS DE DATOS<\/h3>\n\n\n\n<p>Nuestra empresa emplea el servicio de Google Analytics para medir, calcular y analizar todo el tr\u00e1fico que recibe en el sitio criativa.art. Esta herramienta recopila y procesa los datos de acuerdo con su propia pol\u00edtica, partiendo del supuesto de la aceptaci\u00f3n del usuario final. La pol\u00edtica est\u00e1 disponible en los siguientes enlaces:<\/p>\n\n\n\n<ul class=\"wp-block-list\">\n<li>https:\/\/www.google.com\/intl\/pt-BR\/policies\/privacy\/partners\/<\/li>\n\n\n\n<li>https:\/\/policies.google.com\/privacy<\/li>\n\n\n\n<li>https:\/\/policies.google.com\/terms<\/li>\n<\/ul>\n\n\n\n<p>Es fundamental destacar que, en caso de que Google o sus socios usen los datos recopilados, la responsabilidad recae \u00fanicamente en ellos. De esta manera, el sitio criativa.art se exime de cualquier responsabilidad por el uso de los datos.<\/p>\n\n\n\n<h3 class=\"wp-block-heading\">ACTUALIZACI\u00d3N<\/h3>\n\n\n\n<p>Esta pol\u00edtica de privacidad fue actualizada por \u00faltima vez el 30\/05\/2022 y puede ser modificada en cualquier momento sin previo aviso.<\/p>\n","protected":false},"excerpt":{"rendered":"<p>Es importante aclarar que los datos personales se consideran como: toda la informaci\u00f3n que pueda ser utilizada para identificar a una persona. Estos datos pueden ser considerados sensibles, como por ejemplo: convicciones religiosas, salud o vida sexual, origen racial o \u00e9tnico, opini\u00f3n pol\u00edtica, datos gen\u00e9ticos o biom\u00e9tricos, afiliaci\u00f3n a un sindicato o a una organizaci\u00f3n [&hellip;]<\/p>\n","protected":false},"author":1,"featured_media":0,"parent":0,"menu_order":0,"comment_status":"closed","ping_status":"closed","template":"","meta":{"footnotes":""},"class_list":["post-80","page","type-page","status-publish","hentry"],"blocksy_meta":{"styles_descriptor":{"styles":{"desktop":"","tablet":"","mobile":""},"google_fonts":[],"version":6}},"_links":{"self":[{"href":"https:\/\/criativa.art\/es\/wp-json\/wp\/v2\/pages\/80","targetHints":{"allow":["GET"]}}],"collection":[{"href":"https:\/\/criativa.art\/es\/wp-json\/wp\/v2\/pages"}],"about":[{"href":"https:\/\/criativa.art\/es\/wp-json\/wp\/v2\/types\/page"}],"author":[{"embeddable":true,"href":"https:\/\/criativa.art\/es\/wp-json\/wp\/v2\/users\/1"}],"replies":[{"embeddable":true,"href":"https:\/\/criativa.art\/es\/wp-json\/wp\/v2\/comments?post=80"}],"version-history":[{"count":1,"href":"https:\/\/criativa.art\/es\/wp-json\/wp\/v2\/pages\/80\/revisions"}],"predecessor-version":[{"id":2424,"href":"https:\/\/criativa.art\/es\/wp-json\/wp\/v2\/pages\/80\/revisions\/2424"}],"wp:attachment":[{"href":"https:\/\/criativa.art\/es\/wp-json\/wp\/v2\/media?parent=80"}],"curies":[{"name":"wp","href":"https:\/\/api.w.org\/{rel}","templated":true}]}}