{"id":801,"date":"2022-06-16T17:49:29","date_gmt":"2022-06-16T20:49:29","guid":{"rendered":"https:\/\/criativa.art\/?page_id=801"},"modified":"2023-07-14T15:35:08","modified_gmt":"2023-07-14T18:35:08","slug":"sobre-nosotros","status":"publish","type":"page","link":"https:\/\/criativa.art\/es\/sobre-nosotros\/","title":{"rendered":"Sobre Nosotros"},"content":{"rendered":"\n<p><\/p>\n\n\n\n<div class=\"wp-block-group is-layout-flow wp-block-group-is-layout-flow\">\n<div class=\"wp-block-stackable-card stk-block-card stk-block stk-4b451b3 is-style-default\" data-v=\"2\" data-block-id=\"4b451b3\"><style>.stk-4b451b3 .stk-block-card__image{height:322px !important}<\/style><div class=\"stk--no-padding stk-container stk-4b451b3-container stk-hover-parent\"><figure class=\"stk-block-card__image stk-img-wrapper stk-image--shape-stretch\"><img loading=\"lazy\" decoding=\"async\" class=\"stk-img wp-image-819\" src=\"https:\/\/criativa.art\/wp-content\/uploads\/2022\/06\/sobre_nos-scaled.jpg\" width=\"2560\" height=\"597\"\/><\/figure><div class=\"stk-container-padding stk-block-card__content\"><div class=\"stk-block-content stk-inner-blocks stk-4b451b3-inner-blocks\">\n<div class=\"wp-block-stackable-heading stk-block-heading stk-block-heading--v2 stk-block stk-23858a6\" id=\"criativa-art\" data-block-id=\"23858a6\"><h2 class=\"stk-block-heading__text stk-block-heading--use-theme-margins\">Criativa.art<\/h2><\/div>\n\n\n\n<p>\u00a1Bienvenido(a) a nuestro blog de dise\u00f1o y arte! Nos apasiona la creatividad y creemos en el poder del dise\u00f1o y el arte para inspirar, transformar y conectar personas.<\/p>\n\n\n\n<p>Buscamos compartir contenido relevante e inspirador para profesionales, estudiantes y entusiastas del dise\u00f1o y el arte. Aqu\u00ed encontrar\u00e1s informaci\u00f3n, consejos, tendencias y contenido inspirador que impulsar\u00e1 tu creatividad y te ayudar\u00e1 a desarrollar tu potencial art\u00edstico.<\/p>\n\n\n\n<p>Valoramos la interacci\u00f3n con nuestra comunidad. Queremos escuchar tu voz, tus ideas y perspectivas. Estamos abiertos a sugerencias, colaboraciones y comentarios que nos ayuden a mejorar.<\/p>\n\n\n\n<p>\u00danete a esta jornada creativa. Explora nuestros art\u00edculos, participa en las discusiones y d\u00e9jate inspirar. Queremos ser una fuente confiable de informaci\u00f3n e inspiraci\u00f3n para tu crecimiento y \u00e9xito en el mundo del dise\u00f1o y el arte.<\/p>\n\n\n\n<p>Si tienes alguna pregunta, sugerencia o simplemente quieres contactarnos, no dudes en enviarnos un correo electr\u00f3nico a <a href=\"mailto:contato@criativa.art\" target=\"_blank\" rel=\"noreferrer noopener\">contato@criativa.art<\/a>. \u00a1Esperamos saber de ti!<\/p>\n\n\n\n<p>Gracias por ser parte de nuestra comunidad de dise\u00f1o y arte.<\/p>\n\n\n\n<p>Equipo del Criativa.art<\/p>\n<\/div><\/div><\/div><\/div>\n<\/div>\n","protected":false},"excerpt":{"rendered":"<p>Criativa.art \u00a1Bienvenido(a) a nuestro blog de dise\u00f1o y arte! Nos apasiona la creatividad y creemos en el poder del dise\u00f1o y el arte para inspirar, transformar y conectar personas. Buscamos compartir contenido relevante e inspirador para profesionales, estudiantes y entusiastas del dise\u00f1o y el arte. Aqu\u00ed encontrar\u00e1s informaci\u00f3n, consejos, tendencias y contenido inspirador que impulsar\u00e1 [&hellip;]<\/p>\n","protected":false},"author":1,"featured_media":0,"parent":0,"menu_order":0,"comment_status":"closed","ping_status":"closed","template":"","meta":{"footnotes":""},"class_list":["post-801","page","type-page","status-publish","hentry"],"blocksy_meta":{"styles_descriptor":{"styles":{"desktop":"","tablet":"","mobile":""},"google_fonts":[],"version":6}},"_links":{"self":[{"href":"https:\/\/criativa.art\/es\/wp-json\/wp\/v2\/pages\/801","targetHints":{"allow":["GET"]}}],"collection":[{"href":"https:\/\/criativa.art\/es\/wp-json\/wp\/v2\/pages"}],"about":[{"href":"https:\/\/criativa.art\/es\/wp-json\/wp\/v2\/types\/page"}],"author":[{"embeddable":true,"href":"https:\/\/criativa.art\/es\/wp-json\/wp\/v2\/users\/1"}],"replies":[{"embeddable":true,"href":"https:\/\/criativa.art\/es\/wp-json\/wp\/v2\/comments?post=801"}],"version-history":[{"count":1,"href":"https:\/\/criativa.art\/es\/wp-json\/wp\/v2\/pages\/801\/revisions"}],"predecessor-version":[{"id":2430,"href":"https:\/\/criativa.art\/es\/wp-json\/wp\/v2\/pages\/801\/revisions\/2430"}],"wp:attachment":[{"href":"https:\/\/criativa.art\/es\/wp-json\/wp\/v2\/media?parent=801"}],"curies":[{"name":"wp","href":"https:\/\/api.w.org\/{rel}","templated":true}]}}