{"id":82,"date":"2022-05-30T16:53:32","date_gmt":"2022-05-30T19:53:32","guid":{"rendered":"https:\/\/criativa.art\/?page_id=82"},"modified":"2023-07-14T15:23:22","modified_gmt":"2023-07-14T18:23:22","slug":"condiciones-de-uso","status":"publish","type":"page","link":"https:\/\/criativa.art\/es\/condiciones-de-uso\/","title":{"rendered":"Condiciones de Uso"},"content":{"rendered":"<p>\u00a1Bienvenido a Criativa.art!<\/p>\n\n\n<p>Estos t\u00e9rminos y condiciones describen las reglas y regulaciones para el uso del sitio Criativa.art, ubicado en <a href=\"http:\/\/www.criativa.art\/\">www.criativa.art<\/a>.<\/p>\n\n\n\n<p>Al acceder a este sitio, asumimos que aceptas estos t\u00e9rminos y condiciones. Si no est\u00e1s de acuerdo con todos los t\u00e9rminos y condiciones indicados en esta p\u00e1gina, no contin\u00faes utilizando Criativa.art.<\/p>\n\n\n\n<p>Cookies: El sitio utiliza cookies para ayudar a personalizar tu experiencia en l\u00ednea. Al acceder a Criativa.art, aceptas el uso de cookies necesarios.<\/p>\n\n\n\n<p>Una cookie es un archivo de texto que se coloca en tu disco duro por parte de un servidor de p\u00e1gina web. Las cookies no se pueden utilizar para ejecutar programas o instalar virus en tu computadora. Las cookies se asignan exclusivamente a ti y solo pueden ser le\u00eddas por un servidor web en el dominio que emiti\u00f3 la cookie para ti.<\/p>\n\n\n\n<p>Podemos utilizar cookies para recopilar, almacenar y rastrear informaci\u00f3n con fines estad\u00edsticos o de marketing para operar nuestro sitio. Tienes la capacidad de aceptar o rechazar cookies opcionales.<\/p>\n\n\n\n<p>Existen algunas cookies obligatorias que son necesarias para el funcionamiento de nuestro sitio. Estas no requieren tu consentimiento, ya que siempre funcionan.<\/p>\n\n\n\n<p>Recuerda que al aceptar las cookies necesarias, tambi\u00e9n aceptas las cookies de terceros, que pueden ser utilizadas a trav\u00e9s de servicios proporcionados por terceros si utilizas esos servicios en nuestro sitio, por ejemplo, una ventana de reproducci\u00f3n de video proporcionada por terceros e integrada en nuestro sitio.<\/p>\n\n\n<h4>Licencia:<\/h4>\n<p>A menos que se indique lo contrario, Criativa.art y\/o sus licenciantes poseen los derechos de propiedad intelectual sobre todo el material en Criativa.art. Todos los derechos de propiedad intelectual est\u00e1n reservados. Puedes acceder a \u00e9l en Criativa.art para su uso personal sujeto a las restricciones establecidas en estos t\u00e9rminos y condiciones.<\/p>\n\n\n<p><strong>No debes:<\/strong><\/p>\n\n\n\n<ul class=\"wp-block-list\">\n<li>Copiar o republicar material de Criativa.art<\/li>\n\n\n\n<li>Vender, alquilar o sublicenciar material de Criativa.art<\/li>\n\n\n\n<li>Reproducir, duplicar o copiar material de Criativa.art<\/li>\n\n\n\n<li>Redistribuir contenido de Criativa.art<\/li>\n<\/ul>\n\n\n\n<p>Este Contrato entrar\u00e1 en vigencia a partir de la fecha actual.<\/p>\n\n\n\n<p>Algunas partes de este sitio ofrecen a los usuarios la oportunidad de publicar y compartir opiniones e informaci\u00f3n en \u00e1reas espec\u00edficas del sitio. Criativa.art no filtra, edita, publica ni revisa los Comentarios antes de que aparezcan en el sitio.<\/p>\n\n\n\n<p>Los comentarios no reflejan necesariamente los puntos de vista y opiniones de Criativa.art, sus agentes y\/o afiliados. Los comentarios reflejan los puntos de vista y opiniones de la persona que los publica. En la medida permitida por las leyes aplicables, Criativa.art no ser\u00e1 responsable de los Comentarios ni de ninguna responsabilidad, da\u00f1o o gasto causado y\/o sufrido como resultado del uso y\/o publicaci\u00f3n de los Comentarios en este sitio.<\/p>\n\n\n\n<p>Criativa.art se reserva el derecho de monitorear todos los Comentarios y eliminar cualquier Comentario que se considere inapropiado, ofensivo o que viole estos T\u00e9rminos y Condiciones.<\/p>\n\n\n\n<p><strong>Usted garantiza y declara que:<\/strong><\/p>\n\n\n\n<ul class=\"wp-block-list\">\n<li>Tienes el derecho de publicar Comentarios en nuestro sitio web y cuentas con todas las licencias y consentimientos necesarios para hacerlo.<\/li>\n\n\n\n<li>Los Comentarios no infringen ning\u00fan derecho de propiedad intelectual, incluyendo, entre otros, derechos de autor, patentes o marcas registradas de terceros.<\/li>\n\n\n\n<li>Los Comentarios no contienen material difamatorio, calumnioso, ofensivo, indecente o ilegal, ni violan la privacidad.<\/li>\n\n\n\n<li>Los Comentarios no ser\u00e1n utilizados para solicitar o promocionar negocios, actividades comerciales o actividades ilegales.<\/li>\n\n\n\n<li>Otorgas a Criativa.art una licencia no exclusiva para utilizar, reproducir, editar y autorizar a otros a utilizar, reproducir y editar cualquiera de tus Comentarios en cualquier forma, formato o medio.<\/li>\n<\/ul>\n\n\n\n<p><strong>Hiperv\u00ednculos a nuestros contenidos:<\/strong><\/p>\n\n\n\n<p>Valoramos la colaboraci\u00f3n y el intercambio de informaci\u00f3n relevante. Al crear un enlace hacia nuestro sitio, aceptas cumplir con las siguientes directrices \u00e9ticas:<\/p>\n\n\n\n<ol class=\"wp-block-list\">\n<li>Contenido Relevante: Los enlaces deben ser pertinentes al contenido de tu sitio web, brindando valor y contexto a los usuarios que hagan clic en el enlace. Aseg\u00farate de que el contenido vinculado sea adecuado, relevante y \u00e9tico en tu propio sitio web. No se permiten enlaces que puedan perjudicar la reputaci\u00f3n de terceros, contengan contenido difamatorio, ilegal, enga\u00f1oso o perjudicial. Respeta los derechos y la privacidad de otras personas u organizaciones.<\/li>\n\n\n\n<li>Precisi\u00f3n e Integridad: Los enlaces deben ser precisos y estar actualizados. No se permiten enlaces enga\u00f1osos, falsos o que puedan inducir a error a los usuarios.<\/li>\n\n\n\n<li>Sin Endoso: Al crear un enlace hacia nuestro sitio, no est\u00e1 permitido implicar falsamente patrocinio, respaldo o aprobaci\u00f3n por parte de nuestra empresa, a menos que cuentes con una autorizaci\u00f3n por escrito para hacerlo.<\/li>\n\n\n\n<li>Eliminaci\u00f3n de Enlaces: Nos reservamos el derecho de solicitar la eliminaci\u00f3n de cualquier enlace que no cumpla con las directrices \u00e9ticas mencionadas anteriormente. En caso de recibir dicha solicitud, esperamos que elimines el enlace de manera oportuna.<\/li>\n\n\n\n<li>Exclusi\u00f3n de Responsabilidad: No nos responsabilizamos por el contenido de los sitios web vinculados. La inclusi\u00f3n de enlaces no implica un respaldo o aprobaci\u00f3n del contenido de dichos sitios. Los usuarios acceden a los sitios vinculados bajo su propio riesgo y responsabilidad.<\/li>\n<\/ol>\n\n\n\n<p>Agradecemos tu colaboraci\u00f3n para garantizar la \u00e9tica y la integridad de los enlaces vinculados a nuestro sitio web. Nos complace promover una comunidad en l\u00ednea colaborativa y responsable. Nos reservamos el derecho de actualizar estas directrices peri\u00f3dicamente, y al seguir vinculando a nuestro sitio, aceptas cumplir con los cambios realizados.<\/p>\n\n\n\n<p>Si tienes alguna pregunta o necesitas aclaraciones adicionales, cont\u00e1ctanos a trav\u00e9s de nuestro canal de soporte.<\/p>\n\n\n\n<p>\u00daltima actualizaci\u00f3n: 14\/07\/2023<\/p>\n","protected":false},"excerpt":{"rendered":"<p>\u00a1Bienvenido a Criativa.art! Estos t\u00e9rminos y condiciones describen las reglas y regulaciones para el uso del sitio Criativa.art, ubicado en www.criativa.art. Al acceder a este sitio, asumimos que aceptas estos t\u00e9rminos y condiciones. Si no est\u00e1s de acuerdo con todos los t\u00e9rminos y condiciones indicados en esta p\u00e1gina, no contin\u00faes utilizando Criativa.art. Cookies: El sitio [&hellip;]<\/p>\n","protected":false},"author":1,"featured_media":0,"parent":0,"menu_order":0,"comment_status":"closed","ping_status":"closed","template":"","meta":{"footnotes":""},"class_list":["post-82","page","type-page","status-publish","hentry"],"blocksy_meta":{"styles_descriptor":{"styles":{"desktop":"","tablet":"","mobile":""},"google_fonts":[],"version":6}},"_links":{"self":[{"href":"https:\/\/criativa.art\/es\/wp-json\/wp\/v2\/pages\/82","targetHints":{"allow":["GET"]}}],"collection":[{"href":"https:\/\/criativa.art\/es\/wp-json\/wp\/v2\/pages"}],"about":[{"href":"https:\/\/criativa.art\/es\/wp-json\/wp\/v2\/types\/page"}],"author":[{"embeddable":true,"href":"https:\/\/criativa.art\/es\/wp-json\/wp\/v2\/users\/1"}],"replies":[{"embeddable":true,"href":"https:\/\/criativa.art\/es\/wp-json\/wp\/v2\/comments?post=82"}],"version-history":[{"count":2,"href":"https:\/\/criativa.art\/es\/wp-json\/wp\/v2\/pages\/82\/revisions"}],"predecessor-version":[{"id":2428,"href":"https:\/\/criativa.art\/es\/wp-json\/wp\/v2\/pages\/82\/revisions\/2428"}],"wp:attachment":[{"href":"https:\/\/criativa.art\/es\/wp-json\/wp\/v2\/media?parent=82"}],"curies":[{"name":"wp","href":"https:\/\/api.w.org\/{rel}","templated":true}]}}